{"id":11697,"date":"2019-03-04T20:33:48","date_gmt":"2019-03-04T20:33:48","guid":{"rendered":"http:\/\/www.yilmazincekara.com\/site\/?page_id=11697"},"modified":"2019-03-08T18:37:06","modified_gmt":"2019-03-08T18:37:06","slug":"azalarimiz","status":"publish","type":"page","link":"https:\/\/www.yilmazincekara.com\/site\/azalarimiz\/","title":{"rendered":"Azalar\u0131m\u0131z"},"content":{"rendered":"<div id=\"pg-11697-0\"  class=\"panel-grid\" ><div class=\"panel-grid-core\"><div id=\"pgc-11697-0-0\"  class=\"panel-grid-cell  \" ><div class=\"panel-widget-style\" style=\"background: url(&quot;false&quot;) !important; background-position: left top !important; background-repeat: repeat !important; background-size: auto !important; background-attachment: scroll !important;\" ><p><img src=\"https:\/\/www.yilmazincekara.com\/site\/wp-content\/uploads\/ihsan-demir.jpg\" alt=\"\u0130hsan DEM\u0130R\" \/ ><\/p><\/div><div class=\"panel-widget-style\" style=\"background: url(&quot;false&quot;) !important; background-position: left top !important; background-repeat: repeat !important; background-size: auto !important; background-attachment: scroll !important; text-align: center !important;\" ><h1 style=\"font-style: normal;\"><span>\u0130hsan DEM\u0130R<\/span><\/h1><\/div><\/div><div id=\"pgc-11697-0-1\"  class=\"panel-grid-cell  \" ><div class=\"panel-widget-style\" style=\"background: url(&quot;false&quot;) !important; background-position: left top !important; background-repeat: repeat !important; background-size: auto !important; background-attachment: scroll !important;\" ><p><img src=\"https:\/\/www.yilmazincekara.com\/site\/wp-content\/uploads\/ahmet-babaer.jpg\" alt=\"\u0130hsan DEM\u0130R\" \/ ><\/p><\/div><div class=\"panel-widget-style\" style=\"background: url(&quot;false&quot;) !important; background-position: left top !important; background-repeat: repeat !important; background-size: auto !important; background-attachment: scroll !important; text-align: center !important;\" ><h1 style=\"font-style: normal;\"><span>Ahmet BABAER<\/span><\/h1><\/div><\/div><div id=\"pgc-11697-0-2\"  class=\"panel-grid-cell\" ><div class=\"panel-widget-style\" style=\"background: url(&quot;false&quot;) !important; background-position: left top !important; background-repeat: repeat !important; background-size: auto !important; background-attachment: scroll !important;\" ><p><img src=\"https:\/\/www.yilmazincekara.com\/site\/wp-content\/uploads\/mehmet-sirin-yigit.jpg\" alt=\"\u0130hsan DEM\u0130R\" \/ ><\/p><\/div><div class=\"panel-widget-style\" style=\"background: url(&quot;false&quot;) !important; background-position: left top !important; background-repeat: repeat !important; background-size: auto !important; background-attachment: scroll !important; text-align: center !important;\" ><h1 style=\"font-style: normal;\"><span>Mehmet \u015eirin Y\u0130\u011e\u0130T<\/span><\/h1><\/div><\/div><div id=\"pgc-11697-0-3\"  class=\"panel-grid-cell\" ><div class=\"panel-widget-style\" style=\"background: url(&quot;false&quot;) !important; background-position: left top !important; background-repeat: repeat !important; background-size: auto !important; background-attachment: scroll !important;\" ><p><img src=\"https:\/\/www.yilmazincekara.com\/site\/wp-content\/uploads\/yusuf-kilinc.jpg\" alt=\"\u0130hsan DEM\u0130R\" \/ ><\/p><\/div><div class=\"panel-widget-style\" style=\"background: url(&quot;false&quot;) !important; background-position: left top !important; background-repeat: repeat !important; background-size: auto !important; background-attachment: scroll !important; text-align: center !important;\" ><h1 style=\"font-style: normal;\"><span>Yusuf KILIN\u00c7<\/span><\/h1><\/div><\/div><\/div><\/div><div id=\"pg-11697-1\"  class=\"panel-grid\" ><div class=\"panel-grid-core\"><div id=\"pgc-11697-1-0\"  class=\"panel-grid-cell  \" ><div class=\"panel-widget-style\" style=\"background: url(&quot;false&quot;) !important; background-position: left top !important; background-repeat: repeat !important; background-size: auto !important; background-attachment: scroll !important;\" ><p><img src=\"https:\/\/www.yilmazincekara.com\/site\/wp-content\/uploads\/sadik-yalcin.jpg\" alt=\"\u0130hsan DEM\u0130R\" \/ ><\/p><\/div><div class=\"panel-widget-style\" style=\"background: url(&quot;false&quot;) !important; background-position: left top !important; background-repeat: repeat !important; background-size: auto !important; background-attachment: scroll !important; text-align: center !important;\" ><h1 style=\"font-style: normal;\"><span>Sad\u0131k YAL\u00c7IN<\/span><\/h1><\/div><\/div><div id=\"pgc-11697-1-1\"  class=\"panel-grid-cell  \" ><div class=\"panel-widget-style\" style=\"background: url(&quot;false&quot;) !important; background-position: left top !important; background-repeat: repeat !important; background-size: auto !important; background-attachment: scroll !important;\" ><p><img src=\"https:\/\/www.yilmazincekara.com\/site\/wp-content\/uploads\/ismail-yildirim.jpg\" alt=\"\u0130hsan DEM\u0130R\" \/ ><\/p><\/div><div class=\"panel-widget-style\" style=\"background: url(&quot;false&quot;) !important; background-position: left top !important; background-repeat: repeat !important; background-size: auto !important; background-attachment: scroll !important; text-align: left !important;\" ><h1 style=\"font-style: normal;\"><span>\u0130smail YILDIRIM<\/span><\/h1><\/div><\/div><div id=\"pgc-11697-1-2\"  class=\"panel-grid-cell\" ><div class=\"panel-widget-style\" style=\"background: url(&quot;false&quot;) !important; background-position: left top !important; background-repeat: repeat !important; background-size: auto !important; background-attachment: scroll !important;\" ><p><img src=\"https:\/\/www.yilmazincekara.com\/site\/wp-content\/uploads\/murat-yangoz.jpg\" alt=\"\u0130hsan DEM\u0130R\" \/ ><\/p><\/div><div class=\"panel-widget-style\" style=\"background: url(&quot;false&quot;) !important; background-position: left top !important; background-repeat: repeat !important; background-size: auto !important; background-attachment: scroll !important; text-align: center !important;\" ><h1 style=\"font-style: normal;\"><span>Murat YANG\u00d6Z<\/span><\/h1><\/div><\/div><div id=\"pgc-11697-1-3\"  class=\"panel-grid-cell\" ><div class=\"panel-widget-style\" style=\"background: url(&quot;false&quot;) !important; background-position: left top !important; background-repeat: repeat !important; background-size: auto !important; background-attachment: scroll !important;\" ><p><img src=\"https:\/\/www.yilmazincekara.com\/site\/wp-content\/uploads\/sinan-incekara.jpg\" alt=\"\u0130hsan DEM\u0130R\" \/ ><\/p><\/div><div class=\"panel-widget-style\" style=\"background: url(&quot;false&quot;) !important; background-position: left top !important; background-repeat: repeat !important; background-size: auto !important; background-attachment: scroll !important; text-align: center !important;\" ><h1 style=\"font-style: normal;\"><span>Sinan \u0130NCEKARA<\/span><\/h1><\/div><\/div><\/div><\/div>","protected":false},"excerpt":{"rendered":"<p>\u0130hsan DEM\u0130RAhmet BABAERMehmet \u015eirin Y\u0130\u011e\u0130TYusuf KILIN\u00c7Sad\u0131k YAL\u00c7IN\u0130smail YILDIRIMMurat YANG\u00d6ZSinan \u0130NCEKARA<\/p>\n","protected":false},"author":1,"featured_media":0,"parent":0,"menu_order":0,"comment_status":"closed","ping_status":"closed","template":"","meta":[],"categories":[],"tags":[],"_links":{"self":[{"href":"https:\/\/www.yilmazincekara.com\/site\/wp-json\/wp\/v2\/pages\/11697"}],"collection":[{"href":"https:\/\/www.yilmazincekara.com\/site\/wp-json\/wp\/v2\/pages"}],"about":[{"href":"https:\/\/www.yilmazincekara.com\/site\/wp-json\/wp\/v2\/types\/page"}],"author":[{"embeddable":true,"href":"https:\/\/www.yilmazincekara.com\/site\/wp-json\/wp\/v2\/users\/1"}],"replies":[{"embeddable":true,"href":"https:\/\/www.yilmazincekara.com\/site\/wp-json\/wp\/v2\/comments?post=11697"}],"version-history":[{"count":17,"href":"https:\/\/www.yilmazincekara.com\/site\/wp-json\/wp\/v2\/pages\/11697\/revisions"}],"predecessor-version":[{"id":11782,"href":"https:\/\/www.yilmazincekara.com\/site\/wp-json\/wp\/v2\/pages\/11697\/revisions\/11782"}],"wp:attachment":[{"href":"https:\/\/www.yilmazincekara.com\/site\/wp-json\/wp\/v2\/media?parent=11697"}],"wp:term":[{"taxonomy":"category","embeddable":true,"href":"https:\/\/www.yilmazincekara.com\/site\/wp-json\/wp\/v2\/categories?post=11697"},{"taxonomy":"post_tag","embeddable":true,"href":"https:\/\/www.yilmazincekara.com\/site\/wp-json\/wp\/v2\/tags?post=11697"}],"curies":[{"name":"wp","href":"https:\/\/api.w.org\/{rel}","templated":true}]}}